{"id":1502,"date":"2026-04-10T08:36:47","date_gmt":"2026-04-10T08:36:47","guid":{"rendered":"https:\/\/taniec-nowoczesny.pl\/?page_id=1502"},"modified":"2026-04-10T08:48:01","modified_gmt":"2026-04-10T08:48:01","slug":"elementor-1502","status":"publish","type":"page","link":"https:\/\/taniec-nowoczesny.pl\/?page_id=1502","title":{"rendered":"Wydarzenia ZTN"},"content":{"rendered":"\t\t<div data-elementor-type=\"wp-page\" data-elementor-id=\"1502\" class=\"elementor elementor-1502\">\n\t\t\t\t\t\t<section class=\"elementor-section elementor-top-section elementor-element elementor-element-2fd2576 elementor-section-boxed elementor-section-height-default elementor-section-height-default\" data-id=\"2fd2576\" data-element_type=\"section\" data-e-type=\"section\">\n\t\t\t\t\t\t<div class=\"elementor-container elementor-column-gap-default\">\n\t\t\t\t\t<div class=\"elementor-column elementor-col-100 elementor-top-column elementor-element elementor-element-c357cec\" data-id=\"c357cec\" data-element_type=\"column\" data-e-type=\"column\">\n\t\t\t<div class=\"elementor-widget-wrap\">\n\t\t\t\t\t\t\t<\/div>\n\t\t<\/div>\n\t\t\t\t\t<\/div>\n\t\t<\/section>\n\t\t\t\t<section class=\"elementor-section elementor-top-section elementor-element elementor-element-8948db6 elementor-section-boxed elementor-section-height-default elementor-section-height-default\" data-id=\"8948db6\" data-element_type=\"section\" data-e-type=\"section\">\n\t\t\t\t\t\t<div class=\"elementor-container elementor-column-gap-default\">\n\t\t\t\t\t<div class=\"elementor-column elementor-col-100 elementor-top-column elementor-element elementor-element-fa499a1\" data-id=\"fa499a1\" data-element_type=\"column\" data-e-type=\"column\">\n\t\t\t<div class=\"elementor-widget-wrap elementor-element-populated\">\n\t\t\t\t\t\t<div class=\"elementor-element elementor-element-7438e8d elementor-widget elementor-widget-ztn_events_grid\" data-id=\"7438e8d\" data-element_type=\"widget\" data-e-type=\"widget\" data-widget_type=\"ztn_events_grid.default\">\n\t\t\t\t<div class=\"elementor-widget-container\">\n\t\t\t\t\t            <div class=\"ztn-events-block style-accent\">\n                \n                                    <div class=\"ztn-events-filter\" aria-label=\"Filtr wydarze\u0144\">\n                        <a class=\"ztn-events-filter__tab is-active\" href=\"\/index.php?rest_route=%2Fwp%2Fv2%2Fpages%2F1502&#038;ztn_events_status=upcoming\">Nadchodz\u0105ce<\/a>\n                        <a class=\"ztn-events-filter__tab \" href=\"\/index.php?rest_route=%2Fwp%2Fv2%2Fpages%2F1502&#038;ztn_events_status=archive\">Archiwalne<\/a>\n                    <\/div>\n                \n                                    <div class=\"ztn-events-grid columns-3 style-accent\">\n                                                                                <article class=\"ztn-event-card\">\n                                <div class=\"ztn-event-card__poster-wrap\">\n                                                                            <img loading=\"lazy\" decoding=\"async\" width=\"768\" height=\"1024\" src=\"https:\/\/taniec-nowoczesny.pl\/wp-content\/uploads\/2026\/04\/668980240_926535410164118_125066958306060209_n-1-768x1024.jpg\" class=\"ztn-event-card__poster wp-post-image\" alt=\"\" loading=\"lazy\" srcset=\"https:\/\/taniec-nowoczesny.pl\/wp-content\/uploads\/2026\/04\/668980240_926535410164118_125066958306060209_n-1-768x1024.jpg 768w, https:\/\/taniec-nowoczesny.pl\/wp-content\/uploads\/2026\/04\/668980240_926535410164118_125066958306060209_n-1-225x300.jpg 225w, https:\/\/taniec-nowoczesny.pl\/wp-content\/uploads\/2026\/04\/668980240_926535410164118_125066958306060209_n-1-1152x1536.jpg 1152w, https:\/\/taniec-nowoczesny.pl\/wp-content\/uploads\/2026\/04\/668980240_926535410164118_125066958306060209_n-1.jpg 1200w\" sizes=\"auto, (max-width: 768px) 100vw, 768px\" \/>                                                                    <\/div>\n\n                                <div class=\"ztn-event-card__content\">\n                                    <div class=\"ztn-event-card__title\">Mistrzostwa Europy WDSF Disco &amp; Stage Dance<\/div>\n                                    <div class=\"ztn-event-card__meta\">\n                                                                                <div><strong>Miejscowo\u015b\u0107:<\/strong> Novi Sad<\/div>                                                                                <div><strong>Termin:<\/strong> 13.05.2026 \u2013 17.05.2026<\/div>                                    <\/div>\n                                                                    <\/div>\n                            <\/article>\n                                            <\/div>\n                            <\/div>\n            \t\t\t\t<\/div>\n\t\t\t\t<\/div>\n\t\t\t\t\t<\/div>\n\t\t<\/div>\n\t\t\t\t\t<\/div>\n\t\t<\/section>\n\t\t\t\t<\/div>\n\t\t","protected":false},"excerpt":{"rendered":"<p>Nadchodz\u0105ce Archiwalne Mistrzostwa Europy WDSF Disco &amp; Stage Dance Miejscowo\u015b\u0107: Novi Sad Termin: 13.05.2026 \u2013 17.05.2026<\/p>\n","protected":false},"author":1,"featured_media":0,"parent":0,"menu_order":0,"comment_status":"closed","ping_status":"closed","template":"","meta":{"footnotes":""},"class_list":["post-1502","page","type-page","status-publish","hentry"],"_links":{"self":[{"href":"https:\/\/taniec-nowoczesny.pl\/index.php?rest_route=\/wp\/v2\/pages\/1502","targetHints":{"allow":["GET"]}}],"collection":[{"href":"https:\/\/taniec-nowoczesny.pl\/index.php?rest_route=\/wp\/v2\/pages"}],"about":[{"href":"https:\/\/taniec-nowoczesny.pl\/index.php?rest_route=\/wp\/v2\/types\/page"}],"author":[{"embeddable":true,"href":"https:\/\/taniec-nowoczesny.pl\/index.php?rest_route=\/wp\/v2\/users\/1"}],"replies":[{"embeddable":true,"href":"https:\/\/taniec-nowoczesny.pl\/index.php?rest_route=%2Fwp%2Fv2%2Fcomments&post=1502"}],"version-history":[{"count":8,"href":"https:\/\/taniec-nowoczesny.pl\/index.php?rest_route=\/wp\/v2\/pages\/1502\/revisions"}],"predecessor-version":[{"id":1513,"href":"https:\/\/taniec-nowoczesny.pl\/index.php?rest_route=\/wp\/v2\/pages\/1502\/revisions\/1513"}],"wp:attachment":[{"href":"https:\/\/taniec-nowoczesny.pl\/index.php?rest_route=%2Fwp%2Fv2%2Fmedia&parent=1502"}],"curies":[{"name":"wp","href":"https:\/\/api.w.org\/{rel}","templated":true}]}}