{"id":1281,"date":"2025-01-09T23:03:11","date_gmt":"2025-01-09T23:03:11","guid":{"rendered":"https:\/\/taniec-nowoczesny.pl\/?page_id=1281"},"modified":"2026-02-02T14:55:41","modified_gmt":"2026-02-02T14:55:41","slug":"przepisy","status":"publish","type":"page","link":"https:\/\/taniec-nowoczesny.pl\/?page_id=1281","title":{"rendered":"Przepisy"},"content":{"rendered":"\n<div data-wp-interactive=\"core\/file\" class=\"wp-block-file\"><object data-wp-bind--hidden=\"!state.hasPdfPreview\" hidden class=\"wp-block-file__embed\" data=\"https:\/\/taniec-nowoczesny.pl\/wp-content\/uploads\/2025\/10\/Przepisy-Rywalizacji-Sportowej-w-Dyscyplinie-Disco-Dance-pazdziernik-2025-1.pdf\" type=\"application\/pdf\" style=\"width:100%;height:600px\" aria-label=\"Osadzone z Przepisy Rywalizacji Sportowej w Dyscyplinie Disco Dance pa\u017adziernik 2025.\"><\/object><a id=\"wp-block-file--media-6da472a7-954f-4ea1-8374-aba28091807b\" href=\"https:\/\/taniec-nowoczesny.pl\/wp-content\/uploads\/2025\/10\/Przepisy-Rywalizacji-Sportowej-w-Dyscyplinie-Disco-Dance-pazdziernik-2025-1.pdf\">Przepisy Rywalizacji Sportowej w Dyscyplinie Disco Dance pa\u017adziernik 2025<\/a><a href=\"https:\/\/taniec-nowoczesny.pl\/wp-content\/uploads\/2025\/10\/Przepisy-Rywalizacji-Sportowej-w-Dyscyplinie-Disco-Dance-pazdziernik-2025-1.pdf\" class=\"wp-block-file__button wp-element-button\" download aria-describedby=\"wp-block-file--media-6da472a7-954f-4ea1-8374-aba28091807b\">Pobierz<\/a><\/div>\n\n\n\n<div data-wp-interactive=\"core\/file\" class=\"wp-block-file\"><object data-wp-bind--hidden=\"!state.hasPdfPreview\" hidden class=\"wp-block-file__embed\" data=\"https:\/\/taniec-nowoczesny.pl\/wp-content\/uploads\/2025\/10\/Przepisy-Rywalizacji-Sportowej-w-Dysc-yplinie-Stage-Dance-wrzesien-2025.pdf\" type=\"application\/pdf\" style=\"width:100%;height:600px\" aria-label=\"Osadzone z Przepisy Rywalizacji Sportowej w Dysc yplinie Stage Dance wrzesie\u0144 2025.\"><\/object><a id=\"wp-block-file--media-ddbf84fa-7fa1-4a24-964a-c300ad621429\" href=\"https:\/\/taniec-nowoczesny.pl\/wp-content\/uploads\/2025\/10\/Przepisy-Rywalizacji-Sportowej-w-Dysc-yplinie-Stage-Dance-wrzesien-2025.pdf\">Przepisy Rywalizacji Sportowej w Dysc yplinie Stage Dance wrzesie\u0144 2025<\/a><a href=\"https:\/\/taniec-nowoczesny.pl\/wp-content\/uploads\/2025\/10\/Przepisy-Rywalizacji-Sportowej-w-Dysc-yplinie-Stage-Dance-wrzesien-2025.pdf\" class=\"wp-block-file__button wp-element-button\" download aria-describedby=\"wp-block-file--media-ddbf84fa-7fa1-4a24-964a-c300ad621429\">Pobierz<\/a><\/div>\n\n\n\n<div data-wp-interactive=\"core\/file\" class=\"wp-block-file\"><object data-wp-bind--hidden=\"!state.hasPdfPreview\" hidden class=\"wp-block-file__embed\" data=\"https:\/\/taniec-nowoczesny.pl\/wp-content\/uploads\/2026\/02\/Zasady-nominawania-zawodnikow-na-turnieje-rangi-mistrzowskiej-WDSF-2026.pdf\" type=\"application\/pdf\" style=\"width:100%;height:600px\" aria-label=\"Osadzone z Zasady nominawania zawodnik\u00f3w na turnieje rangi mistrzowskiej WDSF 2026..\"><\/object><a id=\"wp-block-file--media-277039d7-fe91-4e98-ab82-6e1f230841d9\" href=\"https:\/\/taniec-nowoczesny.pl\/wp-content\/uploads\/2026\/02\/Zasady-nominawania-zawodnikow-na-turnieje-rangi-mistrzowskiej-WDSF-2026.pdf\">Zasady nominawania zawodnik\u00f3w na turnieje rangi mistrzowskiej WDSF 2026.<\/a><a href=\"https:\/\/taniec-nowoczesny.pl\/wp-content\/uploads\/2026\/02\/Zasady-nominawania-zawodnikow-na-turnieje-rangi-mistrzowskiej-WDSF-2026.pdf\" class=\"wp-block-file__button wp-element-button\" download aria-describedby=\"wp-block-file--media-277039d7-fe91-4e98-ab82-6e1f230841d9\">Pobierz<\/a><\/div>\n\n\n\n<div data-wp-interactive=\"core\/file\" class=\"wp-block-file\"><object data-wp-bind--hidden=\"!state.hasPdfPreview\" hidden class=\"wp-block-file__embed\" data=\"https:\/\/taniec-nowoczesny.pl\/wp-content\/uploads\/2026\/02\/System-Rozgrywania-Mistrzostw-Polski.pdf\" type=\"application\/pdf\" style=\"width:100%;height:600px\" aria-label=\"Osadzone z System Rozgrywania Mistrzostw Polski.\"><\/object><a id=\"wp-block-file--media-c1ab8a48-7a79-4a3e-9bb5-f25df30139c2\" href=\"https:\/\/taniec-nowoczesny.pl\/wp-content\/uploads\/2026\/02\/System-Rozgrywania-Mistrzostw-Polski.pdf\">System Rozgrywania Mistrzostw Polski<\/a><a href=\"https:\/\/taniec-nowoczesny.pl\/wp-content\/uploads\/2026\/02\/System-Rozgrywania-Mistrzostw-Polski.pdf\" class=\"wp-block-file__button wp-element-button\" download aria-describedby=\"wp-block-file--media-c1ab8a48-7a79-4a3e-9bb5-f25df30139c2\">Pobierz<\/a><\/div>\n\n\n\n<div data-wp-interactive=\"core\/file\" class=\"wp-block-file\"><object data-wp-bind--hidden=\"!state.hasPdfPreview\" hidden class=\"wp-block-file__embed\" data=\"https:\/\/taniec-nowoczesny.pl\/wp-content\/uploads\/2026\/02\/Przepisy-w-dyscyplinie-HIP-HOP-CHOREOGRAFIA.pdf\" type=\"application\/pdf\" style=\"width:100%;height:600px\" aria-label=\"Osadzone z Przepisy w dyscyplinie HIP HOP CHOREOGRAFIA.\"><\/object><a id=\"wp-block-file--media-d1881562-6a3a-46f6-8e84-e942d04400b6\" href=\"https:\/\/taniec-nowoczesny.pl\/wp-content\/uploads\/2026\/02\/Przepisy-w-dyscyplinie-HIP-HOP-CHOREOGRAFIA.pdf\">Przepisy w dyscyplinie HIP HOP CHOREOGRAFIA<\/a><a href=\"https:\/\/taniec-nowoczesny.pl\/wp-content\/uploads\/2026\/02\/Przepisy-w-dyscyplinie-HIP-HOP-CHOREOGRAFIA.pdf\" class=\"wp-block-file__button wp-element-button\" download aria-describedby=\"wp-block-file--media-d1881562-6a3a-46f6-8e84-e942d04400b6\">Pobierz<\/a><\/div>\n\n\n\n<div data-wp-interactive=\"core\/file\" class=\"wp-block-file\"><object data-wp-bind--hidden=\"!state.hasPdfPreview\" hidden class=\"wp-block-file__embed\" data=\"https:\/\/taniec-nowoczesny.pl\/wp-content\/uploads\/2026\/02\/Przepisy-Rankingu-Sportowego-PZST-ZTN.pdf\" type=\"application\/pdf\" style=\"width:100%;height:600px\" aria-label=\"Osadzone z Przepisy Rankingu Sportowego PZST-ZTN.\"><\/object><a id=\"wp-block-file--media-8ab47856-f547-495f-b2b4-d5c8210cd1a7\" href=\"https:\/\/taniec-nowoczesny.pl\/wp-content\/uploads\/2026\/02\/Przepisy-Rankingu-Sportowego-PZST-ZTN.pdf\">Przepisy Rankingu Sportowego PZST-ZTN<\/a><a href=\"https:\/\/taniec-nowoczesny.pl\/wp-content\/uploads\/2026\/02\/Przepisy-Rankingu-Sportowego-PZST-ZTN.pdf\" class=\"wp-block-file__button wp-element-button\" download aria-describedby=\"wp-block-file--media-8ab47856-f547-495f-b2b4-d5c8210cd1a7\">Pobierz<\/a><\/div>\n\n\n\n<div data-wp-interactive=\"core\/file\" class=\"wp-block-file\"><object data-wp-bind--hidden=\"!state.hasPdfPreview\" hidden class=\"wp-block-file__embed\" data=\"https:\/\/taniec-nowoczesny.pl\/wp-content\/uploads\/2026\/02\/Wniosek-o-zmiane-przynaleznosci-klubowej-zawodnika-ZTN.pdf\" type=\"application\/pdf\" style=\"width:100%;height:600px\" aria-label=\"Osadzone z Wniosek o zmian\u0119 przynale\u017cno\u015bci klubowej zawodnika ZTN.\"><\/object><a id=\"wp-block-file--media-a098f2d1-5f95-4dbb-9301-2906ac463bea\" href=\"https:\/\/taniec-nowoczesny.pl\/wp-content\/uploads\/2026\/02\/Wniosek-o-zmiane-przynaleznosci-klubowej-zawodnika-ZTN.pdf\">Wniosek o zmian\u0119 przynale\u017cno\u015bci klubowej zawodnika ZTN<\/a><a href=\"https:\/\/taniec-nowoczesny.pl\/wp-content\/uploads\/2026\/02\/Wniosek-o-zmiane-przynaleznosci-klubowej-zawodnika-ZTN.pdf\" class=\"wp-block-file__button wp-element-button\" download aria-describedby=\"wp-block-file--media-a098f2d1-5f95-4dbb-9301-2906ac463bea\">Pobierz<\/a><\/div>\n\n\n\n<div data-wp-interactive=\"core\/file\" class=\"wp-block-file\"><object data-wp-bind--hidden=\"!state.hasPdfPreview\" hidden class=\"wp-block-file__embed\" data=\"https:\/\/taniec-nowoczesny.pl\/wp-content\/uploads\/2026\/02\/Wniosek-o-zmiane-przynaleznosci-klubowej-zawodnika-PZST.pdf\" type=\"application\/pdf\" style=\"width:100%;height:600px\" aria-label=\"Osadzone z Wniosek o zmian\u0119 przynale\u017cno\u015bci klubowej zawodnika PZST.\"><\/object><a id=\"wp-block-file--media-bd82af2b-1a86-4934-baf7-9d962cc1dbaf\" href=\"https:\/\/taniec-nowoczesny.pl\/wp-content\/uploads\/2026\/02\/Wniosek-o-zmiane-przynaleznosci-klubowej-zawodnika-PZST.pdf\">Wniosek o zmian\u0119 przynale\u017cno\u015bci klubowej zawodnika PZST<\/a><a href=\"https:\/\/taniec-nowoczesny.pl\/wp-content\/uploads\/2026\/02\/Wniosek-o-zmiane-przynaleznosci-klubowej-zawodnika-PZST.pdf\" class=\"wp-block-file__button wp-element-button\" download aria-describedby=\"wp-block-file--media-bd82af2b-1a86-4934-baf7-9d962cc1dbaf\">Pobierz<\/a><\/div>\n","protected":false},"excerpt":{"rendered":"","protected":false},"author":1,"featured_media":0,"parent":0,"menu_order":0,"comment_status":"closed","ping_status":"closed","template":"","meta":{"footnotes":""},"class_list":["post-1281","page","type-page","status-publish","hentry"],"_links":{"self":[{"href":"https:\/\/taniec-nowoczesny.pl\/index.php?rest_route=\/wp\/v2\/pages\/1281","targetHints":{"allow":["GET"]}}],"collection":[{"href":"https:\/\/taniec-nowoczesny.pl\/index.php?rest_route=\/wp\/v2\/pages"}],"about":[{"href":"https:\/\/taniec-nowoczesny.pl\/index.php?rest_route=\/wp\/v2\/types\/page"}],"author":[{"embeddable":true,"href":"https:\/\/taniec-nowoczesny.pl\/index.php?rest_route=\/wp\/v2\/users\/1"}],"replies":[{"embeddable":true,"href":"https:\/\/taniec-nowoczesny.pl\/index.php?rest_route=%2Fwp%2Fv2%2Fcomments&post=1281"}],"version-history":[{"count":5,"href":"https:\/\/taniec-nowoczesny.pl\/index.php?rest_route=\/wp\/v2\/pages\/1281\/revisions"}],"predecessor-version":[{"id":1471,"href":"https:\/\/taniec-nowoczesny.pl\/index.php?rest_route=\/wp\/v2\/pages\/1281\/revisions\/1471"}],"wp:attachment":[{"href":"https:\/\/taniec-nowoczesny.pl\/index.php?rest_route=%2Fwp%2Fv2%2Fmedia&parent=1281"}],"curies":[{"name":"wp","href":"https:\/\/api.w.org\/{rel}","templated":true}]}}